{"id":925,"date":"2023-02-03T14:10:32","date_gmt":"2023-02-03T14:10:32","guid":{"rendered":"https:\/\/dorfgemeinschaft-nagel.de\/?page_id=925"},"modified":"2023-02-23T11:56:46","modified_gmt":"2023-02-23T11:56:46","slug":"gut-nagel","status":"publish","type":"page","link":"https:\/\/dorfgemeinschaft-nagel.de\/index.php\/gut-nagel\/","title":{"rendered":"Gut Nagel"},"content":{"rendered":"<p>[et_pb_section fb_built=&#8220;1&#8243; admin_label=&#8220;section&#8220; _builder_version=&#8220;4.19.4&#8243; transform_translate=&#8220;0px|-30px&#8220; transform_translate_linked=&#8220;off&#8220; global_colors_info=&#8220;{}&#8220; theme_builder_area=&#8220;post_content&#8220;][et_pb_row _builder_version=&#8220;4.19.4&#8243; _module_preset=&#8220;default&#8220; transform_translate=&#8220;0px|-68px&#8220; transform_translate_linked=&#8220;off&#8220; global_colors_info=&#8220;{}&#8220; theme_builder_area=&#8220;post_content&#8220;][et_pb_column type=&#8220;4_4&#8243; _builder_version=&#8220;4.19.4&#8243; _module_preset=&#8220;default&#8220; global_colors_info=&#8220;{}&#8220; theme_builder_area=&#8220;post_content&#8220;][et_pb_text _builder_version=&#8220;4.19.4&#8243; _dynamic_attributes=&#8220;link_option_url&#8220; _module_preset=&#8220;default&#8220; text_font_size=&#8220;20px&#8220; transform_translate=&#8220;0px|-251px&#8220; transform_translate_linked=&#8220;off&#8220; link_option_url=&#8220;@ET-DC@eyJkeW5hbWljIjp0cnVlLCJjb250ZW50IjoicG9zdF9saW5rX3VybF9wYWdlIiwic2V0dGluZ3MiOnsicG9zdF9pZCI6IjQ4MyJ9fQ==@&#8220; global_colors_info=&#8220;{}&#8220; theme_builder_area=&#8220;post_content&#8220;]<\/p>\n<p style=\"text-align: center;\">Bildergalerie &gt;<\/p>\n<p>[\/et_pb_text][et_pb_image src=&#8220;https:\/\/dorfgemeinschaft-nagel.de\/wp-content\/uploads\/2023\/01\/Gut-Nagel-Herbst-2006-01.jpg&#8220; title_text=&#8220;Gut Nagel&#8220; _builder_version=&#8220;4.19.4&#8243; _module_preset=&#8220;default&#8220; transform_translate=&#8220;7px|-265px&#8220; transform_translate_linked=&#8220;off&#8220; global_colors_info=&#8220;{}&#8220; theme_builder_area=&#8220;post_content&#8220;][\/et_pb_image][et_pb_text _builder_version=&#8220;4.19.4&#8243; _module_preset=&#8220;default&#8220; text_font=&#8220;Georgia||||||||&#8220; text_font_size=&#8220;20px&#8220; transform_translate=&#8220;7px|-275px&#8220; transform_translate_linked=&#8220;off&#8220; width=&#8220;100%&#8220; max_width=&#8220;100%&#8220; min_height=&#8220;100px&#8220; height=&#8220;100px&#8220; max_height=&#8220;100px&#8220; global_colors_info=&#8220;{}&#8220; theme_builder_area=&#8220;post_content&#8220;]<\/p>\n<p style=\"text-align: center;\">Das Gut Nagel wurde in den Jahren 1841 bis 1848 von Carl von K\u00fcnsberg erbaut. Es befand sich bis 1996 im Besitz der Familie von K\u00fcnsberg. Wurde in dieser Zeit mehrfach verpachtet. Im Anschlu\u00df wechselte es den Besitzer noch zwei mal. Es wurde 1997\/98 von der Familie Schneider\/Meserle aus Neuses aufwendig und sehenswert restauriert.<\/p>\n<p style=\"text-align: center;\">[\/et_pb_text][\/et_pb_column][\/et_pb_row][\/et_pb_section]<\/p>\n","protected":false},"excerpt":{"rendered":"<p>Bildergalerie &gt;Das Gut Nagel wurde in den Jahren 1841 bis 1848 von Carl von K\u00fcnsberg erbaut. Es befand sich bis 1996 im Besitz der Familie von K\u00fcnsberg. Wurde in dieser Zeit mehrfach verpachtet. Im Anschlu\u00df wechselte es den Besitzer noch zwei mal. Es wurde 1997\/98 von der Familie Schneider\/Meserle aus Neuses aufwendig und sehenswert restauriert.<\/p>\n","protected":false},"author":1,"featured_media":0,"parent":0,"menu_order":0,"comment_status":"closed","ping_status":"closed","template":"","meta":{"_et_pb_use_builder":"on","_et_pb_old_content":"","_et_gb_content_width":"","footnotes":""},"class_list":["post-925","page","type-page","status-publish","hentry"],"_links":{"self":[{"href":"https:\/\/dorfgemeinschaft-nagel.de\/index.php\/wp-json\/wp\/v2\/pages\/925","targetHints":{"allow":["GET"]}}],"collection":[{"href":"https:\/\/dorfgemeinschaft-nagel.de\/index.php\/wp-json\/wp\/v2\/pages"}],"about":[{"href":"https:\/\/dorfgemeinschaft-nagel.de\/index.php\/wp-json\/wp\/v2\/types\/page"}],"author":[{"embeddable":true,"href":"https:\/\/dorfgemeinschaft-nagel.de\/index.php\/wp-json\/wp\/v2\/users\/1"}],"replies":[{"embeddable":true,"href":"https:\/\/dorfgemeinschaft-nagel.de\/index.php\/wp-json\/wp\/v2\/comments?post=925"}],"version-history":[{"count":29,"href":"https:\/\/dorfgemeinschaft-nagel.de\/index.php\/wp-json\/wp\/v2\/pages\/925\/revisions"}],"predecessor-version":[{"id":1640,"href":"https:\/\/dorfgemeinschaft-nagel.de\/index.php\/wp-json\/wp\/v2\/pages\/925\/revisions\/1640"}],"wp:attachment":[{"href":"https:\/\/dorfgemeinschaft-nagel.de\/index.php\/wp-json\/wp\/v2\/media?parent=925"}],"curies":[{"name":"wp","href":"https:\/\/api.w.org\/{rel}","templated":true}]}}