{"id":68,"date":"2021-06-15T06:53:26","date_gmt":"2021-06-15T06:53:26","guid":{"rendered":"https:\/\/dorfgemeinschaft-nagel.de\/?page_id=68"},"modified":"2024-01-08T15:25:58","modified_gmt":"2024-01-08T15:25:58","slug":"news","status":"publish","type":"page","link":"https:\/\/dorfgemeinschaft-nagel.de\/index.php\/news\/","title":{"rendered":"News"},"content":{"rendered":"<p>[et_pb_section fb_built=&#8220;1&#8243; _builder_version=&#8220;4.19.4&#8243; _module_preset=&#8220;default&#8220; transform_translate=&#8220;0px|-340px&#8220; transform_translate_linked=&#8220;off&#8220; global_colors_info=&#8220;{}&#8220; theme_builder_area=&#8220;post_content&#8220;][et_pb_row _builder_version=&#8220;4.16&#8243; _module_preset=&#8220;default&#8220; global_colors_info=&#8220;{}&#8220; theme_builder_area=&#8220;post_content&#8220;][et_pb_column type=&#8220;4_4&#8243; _builder_version=&#8220;4.16&#8243; _module_preset=&#8220;default&#8220; global_colors_info=&#8220;{}&#8220; theme_builder_area=&#8220;post_content&#8220;][et_pb_blurb title=&#8220;HINWEIS:&#8220; _builder_version=&#8220;4.19.4&#8243; _module_preset=&#8220;default&#8220; global_colors_info=&#8220;{}&#8220; theme_builder_area=&#8220;post_content&#8220;]<\/p>\n<p>Die Webseite wird gerade neu aufgebaut. Teilweise k\u00f6nnen noch Inhalte fehlen!<\/p>\n<p>[\/et_pb_blurb][et_pb_blurb title=&#8220;Geschichte Schloss Nagel&#8220; _builder_version=&#8220;4.19.4&#8243; _module_preset=&#8220;default&#8220; global_colors_info=&#8220;{}&#8220; theme_builder_area=&#8220;post_content&#8220;]<\/p>\n<p><a href=\"https:\/\/dorfgemeinschaft-nagel.de\/index.php\/schloss-nagel\/\">Hier klicken<\/a>, die Chronik zum Schloss steht wieder mit Bebilderung zur Verf\u00fcgung.<\/p>\n<p>[\/et_pb_blurb][et_pb_blurb title=&#8220;Bilder zu unseren Festlichkeiten&#8220; _builder_version=&#8220;4.19.4&#8243; _module_preset=&#8220;default&#8220; global_colors_info=&#8220;{}&#8220; theme_builder_area=&#8220;post_content&#8220;]<\/p>\n<p>Die Bilder zu unseren Festlichkeiten wie der Kerwa oder Fasching kann ich aus rechtlichen Gegebenheiten nicht mehr zur Verf\u00fcgung stellen. Im Paragraph 22 KUG ist geregelt, das Bildnisse ohne Einwilligung der Abgebildeten nicht ver\u00f6ffentlich werden d\u00fcrfen. Das gilt entgegen dem allgemeinen Glauben, auch f\u00fcr Gruppenfotos!<\/p>\n<p>[\/et_pb_blurb][\/et_pb_column][\/et_pb_row][\/et_pb_section]<\/p>\n","protected":false},"excerpt":{"rendered":"<p>Die Webseite wird gerade neu aufgebaut. Teilweise k\u00f6nnen noch Inhalte fehlen!Hier klicken, die Chronik zum Schloss steht wieder mit Bebilderung zur Verf\u00fcgung.Die Bilder zu unseren Festlichkeiten wie der Kerwa oder Fasching kann ich aus rechtlichen Gegebenheiten nicht mehr zur Verf\u00fcgung stellen. Im Paragraph 22 KUG ist geregelt, das Bildnisse ohne Einwilligung der Abgebildeten nicht ver\u00f6ffentlich [&hellip;]<\/p>\n","protected":false},"author":1,"featured_media":0,"parent":0,"menu_order":0,"comment_status":"closed","ping_status":"closed","template":"","meta":{"_et_pb_use_builder":"on","_et_pb_old_content":"","_et_gb_content_width":"","footnotes":""},"class_list":["post-68","page","type-page","status-publish","hentry"],"_links":{"self":[{"href":"https:\/\/dorfgemeinschaft-nagel.de\/index.php\/wp-json\/wp\/v2\/pages\/68","targetHints":{"allow":["GET"]}}],"collection":[{"href":"https:\/\/dorfgemeinschaft-nagel.de\/index.php\/wp-json\/wp\/v2\/pages"}],"about":[{"href":"https:\/\/dorfgemeinschaft-nagel.de\/index.php\/wp-json\/wp\/v2\/types\/page"}],"author":[{"embeddable":true,"href":"https:\/\/dorfgemeinschaft-nagel.de\/index.php\/wp-json\/wp\/v2\/users\/1"}],"replies":[{"embeddable":true,"href":"https:\/\/dorfgemeinschaft-nagel.de\/index.php\/wp-json\/wp\/v2\/comments?post=68"}],"version-history":[{"count":15,"href":"https:\/\/dorfgemeinschaft-nagel.de\/index.php\/wp-json\/wp\/v2\/pages\/68\/revisions"}],"predecessor-version":[{"id":1761,"href":"https:\/\/dorfgemeinschaft-nagel.de\/index.php\/wp-json\/wp\/v2\/pages\/68\/revisions\/1761"}],"wp:attachment":[{"href":"https:\/\/dorfgemeinschaft-nagel.de\/index.php\/wp-json\/wp\/v2\/media?parent=68"}],"curies":[{"name":"wp","href":"https:\/\/api.w.org\/{rel}","templated":true}]}}