{"id":615,"date":"2023-01-27T10:23:54","date_gmt":"2023-01-27T10:23:54","guid":{"rendered":"https:\/\/dorfgemeinschaft-nagel.de\/?page_id=615"},"modified":"2023-02-23T14:02:20","modified_gmt":"2023-02-23T14:02:20","slug":"nagels-kommunalpolitische-vertreter","status":"publish","type":"page","link":"https:\/\/dorfgemeinschaft-nagel.de\/index.php\/nagels-kommunalpolitische-vertreter\/","title":{"rendered":"Nagels kommunalpolitische Vertreter"},"content":{"rendered":"[et_pb_section fb_built=&#8220;1&#8243; admin_label=&#8220;section&#8220; _builder_version=&#8220;4.19.4&#8243; custom_margin=&#8220;|-2px||||&#8220; hover_enabled=&#8220;0&#8243; global_colors_info=&#8220;{}&#8220; theme_builder_area=&#8220;post_content&#8220; transform_translate_linked=&#8220;off&#8220; transform_translate=&#8220;0px|-149px&#8220; sticky_enabled=&#8220;0&#8243;][et_pb_row column_structure=&#8220;1_6,1_6,1_6,1_6,1_6,1_6&#8243; admin_label=&#8220;row&#8220; _builder_version=&#8220;4.19.4&#8243; background_size=&#8220;initial&#8220; background_position=&#8220;top_left&#8220; background_repeat=&#8220;repeat&#8220; transform_translate=&#8220;0px|-188px&#8220; transform_translate_linked=&#8220;off&#8220; global_colors_info=&#8220;{}&#8220; theme_builder_area=&#8220;post_content&#8220;][et_pb_column type=&#8220;1_6&#8243; _builder_version=&#8220;4.19.4&#8243; _module_preset=&#8220;default&#8220; global_colors_info=&#8220;{}&#8220; theme_builder_area=&#8220;post_content&#8220;][et_pb_image src=&#8220;https:\/\/dorfgemeinschaft-nagel.de\/wp-content\/uploads\/2023\/01\/Michael-Engel.jpg&#8220; title_text=&#8220;Michael Engel&#8220; _builder_version=&#8220;4.19.4&#8243; _module_preset=&#8220;default&#8220; width=&#8220;200%&#8220; max_width=&#8220;200%&#8220; global_colors_info=&#8220;{}&#8220; theme_builder_area=&#8220;post_content&#8220;][\/et_pb_image][et_pb_image src=&#8220;https:\/\/dorfgemeinschaft-nagel.de\/wp-content\/uploads\/2023\/01\/Paul-Koertge.jpg&#8220; title_text=&#8220;Paul K\u00f6rtge&#8220; _builder_version=&#8220;4.19.4&#8243; _module_preset=&#8220;default&#8220; transform_translate=&#8220;0px|9px&#8220; width=&#8220;200%&#8220; max_width=&#8220;200%&#8220; global_colors_info=&#8220;{}&#8220; theme_builder_area=&#8220;post_content&#8220;][\/et_pb_image][et_pb_image src=&#8220;https:\/\/dorfgemeinschaft-nagel.de\/wp-content\/uploads\/2023\/01\/Willy-Knoth.jpg&#8220; title_text=&#8220;Willy Knoth&#8220; _builder_version=&#8220;4.19.4&#8243; _module_preset=&#8220;default&#8220; transform_translate=&#8220;1px|19px&#8220; width=&#8220;200%&#8220; max_width=&#8220;200%&#8220; global_colors_info=&#8220;{}&#8220; theme_builder_area=&#8220;post_content&#8220;][\/et_pb_image][\/et_pb_column][et_pb_column type=&#8220;1_6&#8243; _builder_version=&#8220;4.19.4&#8243; _module_preset=&#8220;default&#8220; global_colors_info=&#8220;{}&#8220; theme_builder_area=&#8220;post_content&#8220;][\/et_pb_column][et_pb_column type=&#8220;1_6&#8243; _builder_version=&#8220;4.19.4&#8243; _module_preset=&#8220;default&#8220; global_colors_info=&#8220;{}&#8220; theme_builder_area=&#8220;post_content&#8220;][\/et_pb_column][et_pb_column type=&#8220;1_6&#8243; _builder_version=&#8220;4.19.4&#8243; _module_preset=&#8220;default&#8220; global_colors_info=&#8220;{}&#8220; theme_builder_area=&#8220;post_content&#8220;][et_pb_accordion _builder_version=&#8220;4.19.4&#8243; _module_preset=&#8220;default&#8220; toggle_font_size=&#8220;24px&#8220; transform_translate=&#8220;-160px|7px&#8220; width=&#8220;600%&#8220; global_colors_info=&#8220;{}&#8220; theme_builder_area=&#8220;post_content&#8220;][et_pb_accordion_item title=&#8220;Michael Engel&#8220; open=&#8220;on&#8220; _builder_version=&#8220;4.19.4&#8243; _module_preset=&#8220;default&#8220; global_colors_info=&#8220;{}&#8220; theme_builder_area=&#8220;post_content&#8220;]<p>1958 &#8211; 1972 Gemeinderat in Oberlangenstadt<\/p>\n<p>&nbsp;<\/p>[\/et_pb_accordion_item][\/et_pb_accordion][et_pb_accordion _builder_version=&#8220;4.19.4&#8243; _module_preset=&#8220;default&#8220; toggle_font_size=&#8220;24px&#8220; transform_translate=&#8220;-160px|146px&#8220; width=&#8220;600%&#8220; global_colors_info=&#8220;{}&#8220; theme_builder_area=&#8220;post_content&#8220;][et_pb_accordion_item title=&#8220;Paul K\u00f6rtge&#8220; open=&#8220;on&#8220; _builder_version=&#8220;4.19.4&#8243; _module_preset=&#8220;default&#8220; global_colors_info=&#8220;{}&#8220; theme_builder_area=&#8220;post_content&#8220;]<p>1964 &#8211; 1972 Gemeinderat in Oberlangenstadt<\/p>\n<p>&nbsp;<\/p>[\/et_pb_accordion_item][\/et_pb_accordion][et_pb_accordion _builder_version=&#8220;4.19.4&#8243; _module_preset=&#8220;default&#8220; toggle_font_size=&#8220;24px&#8220; transform_translate=&#8220;-160px|292px&#8220; width=&#8220;600%&#8220; global_colors_info=&#8220;{}&#8220; theme_builder_area=&#8220;post_content&#8220;][et_pb_accordion_item title=&#8220;Willi Knoth&#8220; open=&#8220;on&#8220; _builder_version=&#8220;4.19.4&#8243; _module_preset=&#8220;default&#8220; global_colors_info=&#8220;{}&#8220; theme_builder_area=&#8220;post_content&#8220;]<p>1964 &#8211; 1978 Gemeinderat in Oberlangenstadt<\/p>\n<p>&nbsp;<\/p>[\/et_pb_accordion_item][\/et_pb_accordion][\/et_pb_column][et_pb_column type=&#8220;1_6&#8243; _builder_version=&#8220;4.19.4&#8243; _module_preset=&#8220;default&#8220; global_colors_info=&#8220;{}&#8220; theme_builder_area=&#8220;post_content&#8220;][\/et_pb_column][et_pb_column type=&#8220;1_6&#8243; _builder_version=&#8220;4.16&#8243; custom_padding=&#8220;|||&#8220; global_colors_info=&#8220;{}&#8220; custom_padding__hover=&#8220;|||&#8220; theme_builder_area=&#8220;post_content&#8220;][et_pb_text admin_label=&#8220;Text&#8220; _builder_version=&#8220;4.16&#8243; background_size=&#8220;initial&#8220; background_position=&#8220;top_left&#8220; background_repeat=&#8220;repeat&#8220; global_colors_info=&#8220;{}&#8220; theme_builder_area=&#8220;post_content&#8220;][\/et_pb_text][\/et_pb_column][\/et_pb_row][et_pb_row column_structure=&#8220;1_6,1_6,1_6,1_6,1_6,1_6&#8243; admin_label=&#8220;row&#8220; _builder_version=&#8220;4.19.4&#8243; background_size=&#8220;initial&#8220; background_position=&#8220;top_left&#8220; background_repeat=&#8220;repeat&#8220; global_colors_info=&#8220;{}&#8220; theme_builder_area=&#8220;post_content&#8220;][et_pb_column type=&#8220;1_6&#8243; _builder_version=&#8220;4.19.4&#8243; _module_preset=&#8220;default&#8220; global_colors_info=&#8220;{}&#8220; theme_builder_area=&#8220;post_content&#8220;][et_pb_image src=&#8220;https:\/\/dorfgemeinschaft-nagel.de\/wp-content\/uploads\/2023\/01\/Grete-Wich.jpg&#8220; title_text=&#8220;Grete Wich&#8220; _builder_version=&#8220;4.19.4&#8243; _module_preset=&#8220;default&#8220; width=&#8220;200%&#8220; max_width=&#8220;200%&#8220; global_colors_info=&#8220;{}&#8220; theme_builder_area=&#8220;post_content&#8220;][\/et_pb_image][et_pb_image src=&#8220;https:\/\/dorfgemeinschaft-nagel.de\/wp-content\/uploads\/2023\/01\/Heinz-Klimaschewsky.jpg&#8220; title_text=&#8220;Heinz Klimaschewsky&#8220; _builder_version=&#8220;4.19.4&#8243; _module_preset=&#8220;default&#8220; transform_translate=&#8220;0px|9px&#8220; width=&#8220;200%&#8220; max_width=&#8220;200%&#8220; global_colors_info=&#8220;{}&#8220; theme_builder_area=&#8220;post_content&#8220;][\/et_pb_image][et_pb_image src=&#8220;https:\/\/dorfgemeinschaft-nagel.de\/wp-content\/uploads\/2023\/01\/Helmut-Martin-1.jpg&#8220; title_text=&#8220;Helmut Martin&#8220; _builder_version=&#8220;4.19.4&#8243; _module_preset=&#8220;default&#8220; transform_translate=&#8220;1px|19px&#8220; width=&#8220;200%&#8220; max_width=&#8220;200%&#8220; global_colors_info=&#8220;{}&#8220; theme_builder_area=&#8220;post_content&#8220;][\/et_pb_image][\/et_pb_column][et_pb_column type=&#8220;1_6&#8243; _builder_version=&#8220;4.19.4&#8243; _module_preset=&#8220;default&#8220; global_colors_info=&#8220;{}&#8220; theme_builder_area=&#8220;post_content&#8220;][\/et_pb_column][et_pb_column type=&#8220;1_6&#8243; _builder_version=&#8220;4.19.4&#8243; _module_preset=&#8220;default&#8220; global_colors_info=&#8220;{}&#8220; theme_builder_area=&#8220;post_content&#8220;][\/et_pb_column][et_pb_column type=&#8220;1_6&#8243; _builder_version=&#8220;4.19.4&#8243; _module_preset=&#8220;default&#8220; global_colors_info=&#8220;{}&#8220; theme_builder_area=&#8220;post_content&#8220;][et_pb_accordion _builder_version=&#8220;4.19.4&#8243; _module_preset=&#8220;default&#8220; toggle_font_size=&#8220;24px&#8220; transform_translate=&#8220;-160px|5px&#8220; width=&#8220;600%&#8220; global_colors_info=&#8220;{}&#8220; theme_builder_area=&#8220;post_content&#8220;][et_pb_accordion_item title=&#8220;Grete Wich&#8220; open=&#8220;on&#8220; _builder_version=&#8220;4.19.4&#8243; _module_preset=&#8220;default&#8220; global_colors_info=&#8220;{}&#8220; theme_builder_area=&#8220;post_content&#8220;]<p>1964 &#8211; 1978 Gemeinder\u00e4tin in Oberlangenstadt<\/p>\n<p>1978 &#8211; 1990 Marktgemeinder\u00e4tin in K\u00fcps<\/p>\n<p>1978 &#8211; 1990 Kreisr\u00e4tin im Kreistag Kronach<\/p>\n<p>&nbsp;<\/p>[\/et_pb_accordion_item][\/et_pb_accordion][et_pb_accordion _builder_version=&#8220;4.19.4&#8243; _module_preset=&#8220;default&#8220; toggle_font_size=&#8220;24px&#8220; transform_translate=&#8220;-160px|85px&#8220; width=&#8220;600%&#8220; global_colors_info=&#8220;{}&#8220; theme_builder_area=&#8220;post_content&#8220;][et_pb_accordion_item title=&#8220;Heinz Klimaschewski&#8220; open=&#8220;on&#8220; _builder_version=&#8220;4.19.4&#8243; _module_preset=&#8220;default&#8220; global_colors_info=&#8220;{}&#8220; theme_builder_area=&#8220;post_content&#8220;]<p>1972 &#8211; 1978 Gemeinderat in Oberlangenstadt<\/p>[\/et_pb_accordion_item][\/et_pb_accordion][et_pb_accordion _builder_version=&#8220;4.19.4&#8243; _module_preset=&#8220;default&#8220; toggle_font_size=&#8220;24px&#8220; transform_translate=&#8220;-160px|285px&#8220; width=&#8220;600%&#8220; global_colors_info=&#8220;{}&#8220; theme_builder_area=&#8220;post_content&#8220;][et_pb_accordion_item title=&#8220;Helmut Martin&#8220; open=&#8220;on&#8220; _builder_version=&#8220;4.19.4&#8243; _module_preset=&#8220;default&#8220; global_colors_info=&#8220;{}&#8220; theme_builder_area=&#8220;post_content&#8220;]<p>1990 &#8211; 2008 Marktgemeinderat in K\u00fcps<\/p>[\/et_pb_accordion_item][\/et_pb_accordion][\/et_pb_column][et_pb_column type=&#8220;1_6&#8243; _builder_version=&#8220;4.19.4&#8243; _module_preset=&#8220;default&#8220; global_colors_info=&#8220;{}&#8220; theme_builder_area=&#8220;post_content&#8220;][\/et_pb_column][et_pb_column type=&#8220;1_6&#8243; _builder_version=&#8220;4.16&#8243; custom_padding=&#8220;|||&#8220; global_colors_info=&#8220;{}&#8220; custom_padding__hover=&#8220;|||&#8220; theme_builder_area=&#8220;post_content&#8220;][et_pb_text admin_label=&#8220;Text&#8220; _builder_version=&#8220;4.16&#8243; background_size=&#8220;initial&#8220; background_position=&#8220;top_left&#8220; background_repeat=&#8220;repeat&#8220; global_colors_info=&#8220;{}&#8220; theme_builder_area=&#8220;post_content&#8220;][\/et_pb_text][\/et_pb_column][\/et_pb_row][\/et_pb_section]","protected":false},"excerpt":{"rendered":"<p>1958 &#8211; 1972 Gemeinderat in Oberlangenstadt &nbsp;1964 &#8211; 1972 Gemeinderat in Oberlangenstadt &nbsp;1964 &#8211; 1978 Gemeinderat in Oberlangenstadt &nbsp;1964 &#8211; 1978 Gemeinder\u00e4tin in Oberlangenstadt 1978 &#8211; 1990 Marktgemeinder\u00e4tin in K\u00fcps 1978 &#8211; 1990 Kreisr\u00e4tin im Kreistag Kronach &nbsp;1972 &#8211; 1978 Gemeinderat in Oberlangenstadt1990 &#8211; 2008 Marktgemeinderat in K\u00fcps<\/p>\n","protected":false},"author":1,"featured_media":0,"parent":0,"menu_order":0,"comment_status":"closed","ping_status":"closed","template":"","meta":{"_et_pb_use_builder":"on","_et_pb_old_content":"","_et_gb_content_width":"","footnotes":""},"class_list":["post-615","page","type-page","status-publish","hentry"],"_links":{"self":[{"href":"https:\/\/dorfgemeinschaft-nagel.de\/index.php\/wp-json\/wp\/v2\/pages\/615","targetHints":{"allow":["GET"]}}],"collection":[{"href":"https:\/\/dorfgemeinschaft-nagel.de\/index.php\/wp-json\/wp\/v2\/pages"}],"about":[{"href":"https:\/\/dorfgemeinschaft-nagel.de\/index.php\/wp-json\/wp\/v2\/types\/page"}],"author":[{"embeddable":true,"href":"https:\/\/dorfgemeinschaft-nagel.de\/index.php\/wp-json\/wp\/v2\/users\/1"}],"replies":[{"embeddable":true,"href":"https:\/\/dorfgemeinschaft-nagel.de\/index.php\/wp-json\/wp\/v2\/comments?post=615"}],"version-history":[{"count":32,"href":"https:\/\/dorfgemeinschaft-nagel.de\/index.php\/wp-json\/wp\/v2\/pages\/615\/revisions"}],"predecessor-version":[{"id":1667,"href":"https:\/\/dorfgemeinschaft-nagel.de\/index.php\/wp-json\/wp\/v2\/pages\/615\/revisions\/1667"}],"wp:attachment":[{"href":"https:\/\/dorfgemeinschaft-nagel.de\/index.php\/wp-json\/wp\/v2\/media?parent=615"}],"curies":[{"name":"wp","href":"https:\/\/api.w.org\/{rel}","templated":true}]}}