{"id":54,"date":"2021-06-14T11:35:26","date_gmt":"2021-06-14T11:35:26","guid":{"rendered":"https:\/\/dorfgemeinschaft-nagel.de\/?page_id=54"},"modified":"2023-02-23T15:01:57","modified_gmt":"2023-02-23T15:01:57","slug":"strassen-in-nagel","status":"publish","type":"page","link":"https:\/\/dorfgemeinschaft-nagel.de\/index.php\/strassen-in-nagel\/","title":{"rendered":"Stra\u00dfen in Nagel"},"content":{"rendered":"<p>[et_pb_section fb_built=&#8220;1&#8243; _builder_version=&#8220;4.19.4&#8243; _module_preset=&#8220;default&#8220; background_image=&#8220;https:\/\/dorfgemeinschaft-nagel.de\/wp-content\/uploads\/2023\/02\/Dorfbrunnen-B2-1.jpg&#8220; background_size=&#8220;custom&#8220; transform_translate=&#8220;0px|-300px&#8220; transform_translate_linked=&#8220;off&#8220; global_colors_info=&#8220;{}&#8220; theme_builder_area=&#8220;post_content&#8220;][et_pb_row column_structure=&#8220;1_2,1_6,1_6,1_6&#8243; _builder_version=&#8220;4.19.4&#8243; _module_preset=&#8220;default&#8220; global_colors_info=&#8220;{}&#8220; theme_builder_area=&#8220;post_content&#8220;][et_pb_column type=&#8220;1_2&#8243; _builder_version=&#8220;4.16&#8243; _module_preset=&#8220;default&#8220; global_colors_info=&#8220;{}&#8220; theme_builder_area=&#8220;post_content&#8220;][et_pb_text _builder_version=&#8220;4.19.4&#8243; _module_preset=&#8220;default&#8220; background_color=&#8220;#D6D6D6&#8243; text_orientation=&#8220;center&#8220; global_colors_info=&#8220;{}&#8220; theme_builder_area=&#8220;post_content&#8220;]<\/p>\n<p style=\"text-align: left;\"><strong>L\u00e4nge aller Stra\u00dfen in Nagel: 860 Meter<\/strong><\/p>\n<p style=\"text-align: left;\"><strong>Einwohnerzahl Nagel: 92<\/strong><\/p>\n<p style=\"text-align: left;\"><strong>H\u00e4user in Nagel: 35<\/strong><\/p>\n<p>[\/et_pb_text][\/et_pb_column][et_pb_column type=&#8220;1_6&#8243; _builder_version=&#8220;4.16&#8243; _module_preset=&#8220;default&#8220; global_colors_info=&#8220;{}&#8220; theme_builder_area=&#8220;post_content&#8220;][et_pb_text _builder_version=&#8220;4.19.4&#8243; _module_preset=&#8220;default&#8220; background_color=&#8220;#D6D6D6&#8243; text_orientation=&#8220;center&#8220; global_colors_info=&#8220;{}&#8220; theme_builder_area=&#8220;post_content&#8220;]<\/p>\n<p style=\"text-align: left;\"><strong>Schrotstra\u00dfe<\/strong><\/p>\n<p style=\"text-align: left;\">L\u00e4nge: 150 Meter<br \/>Bewohner: 33<br \/>H\u00e4user: 8<\/p>\n<p>[\/et_pb_text][\/et_pb_column][et_pb_column type=&#8220;1_6&#8243; _builder_version=&#8220;4.16&#8243; _module_preset=&#8220;default&#8220; global_colors_info=&#8220;{}&#8220; theme_builder_area=&#8220;post_content&#8220;][et_pb_text _builder_version=&#8220;4.19.4&#8243; _module_preset=&#8220;default&#8220; background_color=&#8220;#D6D6D6&#8243; text_orientation=&#8220;center&#8220; global_colors_info=&#8220;{}&#8220; theme_builder_area=&#8220;post_content&#8220;]<\/p>\n<p style=\"text-align: left;\"><strong>Alte Gasse<\/strong><\/p>\n<p style=\"text-align: left;\">L\u00e4nge: 130 Meter<br \/>Bewohner: 14<br \/>H\u00e4user: 5<\/p>\n<p>[\/et_pb_text][\/et_pb_column][et_pb_column type=&#8220;1_6&#8243; _builder_version=&#8220;4.16&#8243; _module_preset=&#8220;default&#8220; global_colors_info=&#8220;{}&#8220; theme_builder_area=&#8220;post_content&#8220;][et_pb_text _builder_version=&#8220;4.19.4&#8243; _module_preset=&#8220;default&#8220; background_color=&#8220;#D6D6D6&#8243; text_orientation=&#8220;center&#8220; hover_enabled=&#8220;0&#8243; global_colors_info=&#8220;{}&#8220; theme_builder_area=&#8220;post_content&#8220; sticky_enabled=&#8220;0&#8243;]<\/p>\n<p style=\"text-align: left;\"><b>K\u00fcmmelberg-<\/b><\/p>\n<p style=\"text-align: left;\"><b>stra\u00dfe<\/b><\/p>\n<p style=\"text-align: left;\">L\u00e4nge: 580 Meter<\/p>\n<p style=\"text-align: left;\">Bewohner: 45<\/p>\n<p style=\"text-align: left;\">H\u00e4user: 22<\/p>\n<p>[\/et_pb_text][\/et_pb_column][\/et_pb_row][et_pb_row _builder_version=&#8220;4.16&#8243; _module_preset=&#8220;default&#8220; global_colors_info=&#8220;{}&#8220; theme_builder_area=&#8220;post_content&#8220;][et_pb_column type=&#8220;4_4&#8243; _builder_version=&#8220;4.16&#8243; _module_preset=&#8220;default&#8220; global_colors_info=&#8220;{}&#8220; theme_builder_area=&#8220;post_content&#8220;][et_pb_text _builder_version=&#8220;4.19.4&#8243; _module_preset=&#8220;default&#8220; global_colors_info=&#8220;{}&#8220; theme_builder_area=&#8220;post_content&#8220;]<\/p>\n<p>Stand: 31.12.2022<\/p>\n<p>[\/et_pb_text][\/et_pb_column][\/et_pb_row][\/et_pb_section]<\/p>\n","protected":false},"excerpt":{"rendered":"<p>L\u00e4nge aller Stra\u00dfen in Nagel: 860 Meter Einwohnerzahl Nagel: 92 H\u00e4user in Nagel: 35Schrotstra\u00dfe L\u00e4nge: 150 MeterBewohner: 33H\u00e4user: 8Alte Gasse L\u00e4nge: 130 MeterBewohner: 14H\u00e4user: 5K\u00fcmmelberg- stra\u00dfe L\u00e4nge: 580 Meter Bewohner: 45 H\u00e4user: 22Stand: 31.12.2022<\/p>\n","protected":false},"author":1,"featured_media":0,"parent":0,"menu_order":0,"comment_status":"closed","ping_status":"closed","template":"","meta":{"_et_pb_use_builder":"on","_et_pb_old_content":"<!-- wp:divi\/placeholder \/-->","_et_gb_content_width":"","footnotes":""},"class_list":["post-54","page","type-page","status-publish","hentry"],"_links":{"self":[{"href":"https:\/\/dorfgemeinschaft-nagel.de\/index.php\/wp-json\/wp\/v2\/pages\/54","targetHints":{"allow":["GET"]}}],"collection":[{"href":"https:\/\/dorfgemeinschaft-nagel.de\/index.php\/wp-json\/wp\/v2\/pages"}],"about":[{"href":"https:\/\/dorfgemeinschaft-nagel.de\/index.php\/wp-json\/wp\/v2\/types\/page"}],"author":[{"embeddable":true,"href":"https:\/\/dorfgemeinschaft-nagel.de\/index.php\/wp-json\/wp\/v2\/users\/1"}],"replies":[{"embeddable":true,"href":"https:\/\/dorfgemeinschaft-nagel.de\/index.php\/wp-json\/wp\/v2\/comments?post=54"}],"version-history":[{"count":15,"href":"https:\/\/dorfgemeinschaft-nagel.de\/index.php\/wp-json\/wp\/v2\/pages\/54\/revisions"}],"predecessor-version":[{"id":1686,"href":"https:\/\/dorfgemeinschaft-nagel.de\/index.php\/wp-json\/wp\/v2\/pages\/54\/revisions\/1686"}],"wp:attachment":[{"href":"https:\/\/dorfgemeinschaft-nagel.de\/index.php\/wp-json\/wp\/v2\/media?parent=54"}],"curies":[{"name":"wp","href":"https:\/\/api.w.org\/{rel}","templated":true}]}}