{"id":1576,"date":"2023-02-21T12:25:44","date_gmt":"2023-02-21T12:25:44","guid":{"rendered":"https:\/\/dorfgemeinschaft-nagel.de\/?page_id=1576"},"modified":"2023-02-23T14:04:03","modified_gmt":"2023-02-23T14:04:03","slug":"cornelienfelsen","status":"publish","type":"page","link":"https:\/\/dorfgemeinschaft-nagel.de\/index.php\/cornelienfelsen\/","title":{"rendered":"Cornelienfelsen"},"content":{"rendered":"<p>[et_pb_section fb_built=&#8220;1&#8243; admin_label=&#8220;section&#8220; _builder_version=&#8220;4.19.4&#8243; transform_translate=&#8220;0px|-198px&#8220; transform_translate_linked=&#8220;off&#8220; hover_enabled=&#8220;0&#8243; global_colors_info=&#8220;{}&#8220; theme_builder_area=&#8220;post_content&#8220; sticky_enabled=&#8220;0&#8243;][et_pb_row _builder_version=&#8220;4.19.4&#8243; _module_preset=&#8220;default&#8220; transform_translate=&#8220;0px|230px&#8220; transform_translate_linked=&#8220;off&#8220; global_colors_info=&#8220;{}&#8220; theme_builder_area=&#8220;post_content&#8220;][et_pb_column type=&#8220;4_4&#8243; _builder_version=&#8220;4.19.4&#8243; _module_preset=&#8220;default&#8220; global_colors_info=&#8220;{}&#8220; theme_builder_area=&#8220;post_content&#8220;][et_pb_image src=&#8220;https:\/\/dorfgemeinschaft-nagel.de\/wp-content\/uploads\/2023\/01\/Corneliafelsen-im-Schrot.jpg&#8220; title_text=&#8220;Corneliafelsen im Schrot&#8220; _builder_version=&#8220;4.19.4&#8243; _module_preset=&#8220;default&#8220; transform_translate=&#8220;7px|-181px&#8220; transform_translate_linked=&#8220;off&#8220; global_colors_info=&#8220;{}&#8220; theme_builder_area=&#8220;post_content&#8220;][\/et_pb_image][et_pb_text _builder_version=&#8220;4.19.4&#8243; _module_preset=&#8220;default&#8220; text_font=&#8220;Georgia||||||||&#8220; text_font_size=&#8220;20px&#8220; transform_scale_linked=&#8220;off&#8220; transform_translate=&#8220;7px|-950px&#8220; transform_translate_linked=&#8220;off&#8220; width=&#8220;100%&#8220; max_width=&#8220;100%&#8220; min_height=&#8220;100px&#8220; height=&#8220;100px&#8220; max_height=&#8220;100px&#8220; global_colors_info=&#8220;{}&#8220; theme_builder_area=&#8220;post_content&#8220;]<\/p>\n<p style=\"text-align: center;\">Nach dem\u00a0 Bau von Gut Nagel und den Erwerb des Gutes in Unterlangenstadt durch Karl Josef Georg von K\u00fcnsberg, wurde\u00a0 1859 ein kurzer Fahr- und Fu\u00dfweg durch den Wald angelegt. Dieser Waldweg existiert in etwas verwilderter\u00a0 Form noch heute. Wird aber kaum noch benutzt. Er f\u00fchrte vom Ortsausgang (Bauernhof Familie Martin) links am ehemaligen Forsthaus vorbei durch den Forst, rechts etwas erh\u00f6ht entlang des Baches nach Unterlangenstadt. Heute geht man rechts am ehemaligen Forsthaus vorbei und trifft nach circa 200m links auf einen Fuhrweg, der dann auf den alten Weg durch den Wald nach Unterlangenstadt verl\u00e4uft. Zur &#8222;Erbauung&#8220; steht am Wege ein dicker Felsbrocken mit der Inschrift &#8222;Cornelie&#8220;.<\/p>\n<p style=\"text-align: center;\">[\/et_pb_text][et_pb_image src=&#8220;https:\/\/dorfgemeinschaft-nagel.de\/wp-content\/uploads\/2023\/02\/Cornelie-von-Vetterlein.jpg&#8220; title_text=&#8220;Cornelie von Vetterlein&#8220; _builder_version=&#8220;4.19.4&#8243; _module_preset=&#8220;default&#8220; transform_scale_linked=&#8220;off&#8220; transform_translate=&#8220;0px|-30px&#8220; transform_translate_linked=&#8220;off&#8220; global_colors_info=&#8220;{}&#8220; theme_builder_area=&#8220;post_content&#8220;][\/et_pb_image][et_pb_text _builder_version=&#8220;4.19.4&#8243; _module_preset=&#8220;default&#8220; text_font=&#8220;Georgia||||||||&#8220; text_font_size=&#8220;20px&#8220; transform_translate=&#8220;7px|-730px&#8220; transform_translate_linked=&#8220;off&#8220; width=&#8220;100%&#8220; max_width=&#8220;100%&#8220; min_height=&#8220;100px&#8220; height=&#8220;100px&#8220; max_height=&#8220;100px&#8220; custom_padding=&#8220;||0px|||&#8220; global_colors_info=&#8220;{}&#8220; theme_builder_area=&#8220;post_content&#8220;]<\/p>\n<p style=\"text-align: center;\">Diese Inschrift ist zu Ehren der Cornelie von Vetterlein errichtet worden.\u00a0 Diese junge Dame ist wegen ihrer Sch\u00f6nheit noch heute in der bayrischen Sch\u00f6nheitsgalerie in Schloss Nymphenburg zu bewundern. K\u00f6nig Ludwig der I. ging der Ruf voraus das er ein &#8222;Gutes Auge&#8220; f\u00fcr die weibliche Sch\u00f6nheit hatte. Ludwigs Hofmaler Josef Karl Stieler fertigte im Wesentlichen die 38 Portr\u00e4ts der Sch\u00f6nen von 1827 bis 1850 an. Ein kleines Bild von Cornelie von Vetterlein h\u00e4ngt im Schloss Nagel. Sie hatte im Jahr 1843 Reichfreiherrn Franz Ludwig Freiherrn von K\u00fcnsberg-Hein auf Schmeilsdorf geehelicht. Vielleicht war sie aus der K\u00fcnsbergschen Verwandschaft einer der ersten edlen und sch\u00f6nen Damen, die den neuen Weg beschritten oder sogar er\u00f6ffnet hatte.<\/p>\n<p style=\"text-align: center;\">( Quelle Buch Schloss Nagel )\u00a0<\/p>\n<p style=\"text-align: center;\">\n<p>[\/et_pb_text][\/et_pb_column][\/et_pb_row][\/et_pb_section]<\/p>\n","protected":false},"excerpt":{"rendered":"<p>Nach dem\u00a0 Bau von Gut Nagel und den Erwerb des Gutes in Unterlangenstadt durch Karl Josef Georg von K\u00fcnsberg, wurde\u00a0 1859 ein kurzer Fahr- und Fu\u00dfweg durch den Wald angelegt. Dieser Waldweg existiert in etwas verwilderter\u00a0 Form noch heute. Wird aber kaum noch benutzt. Er f\u00fchrte vom Ortsausgang (Bauernhof Familie Martin) links am ehemaligen Forsthaus [&hellip;]<\/p>\n","protected":false},"author":1,"featured_media":0,"parent":0,"menu_order":0,"comment_status":"closed","ping_status":"closed","template":"","meta":{"_et_pb_use_builder":"on","_et_pb_old_content":"","_et_gb_content_width":"","footnotes":""},"class_list":["post-1576","page","type-page","status-publish","hentry"],"_links":{"self":[{"href":"https:\/\/dorfgemeinschaft-nagel.de\/index.php\/wp-json\/wp\/v2\/pages\/1576","targetHints":{"allow":["GET"]}}],"collection":[{"href":"https:\/\/dorfgemeinschaft-nagel.de\/index.php\/wp-json\/wp\/v2\/pages"}],"about":[{"href":"https:\/\/dorfgemeinschaft-nagel.de\/index.php\/wp-json\/wp\/v2\/types\/page"}],"author":[{"embeddable":true,"href":"https:\/\/dorfgemeinschaft-nagel.de\/index.php\/wp-json\/wp\/v2\/users\/1"}],"replies":[{"embeddable":true,"href":"https:\/\/dorfgemeinschaft-nagel.de\/index.php\/wp-json\/wp\/v2\/comments?post=1576"}],"version-history":[{"count":16,"href":"https:\/\/dorfgemeinschaft-nagel.de\/index.php\/wp-json\/wp\/v2\/pages\/1576\/revisions"}],"predecessor-version":[{"id":1670,"href":"https:\/\/dorfgemeinschaft-nagel.de\/index.php\/wp-json\/wp\/v2\/pages\/1576\/revisions\/1670"}],"wp:attachment":[{"href":"https:\/\/dorfgemeinschaft-nagel.de\/index.php\/wp-json\/wp\/v2\/media?parent=1576"}],"curies":[{"name":"wp","href":"https:\/\/api.w.org\/{rel}","templated":true}]}}