{"id":1337,"date":"2023-02-13T12:58:09","date_gmt":"2023-02-13T12:58:09","guid":{"rendered":"https:\/\/dorfgemeinschaft-nagel.de\/?page_id=1337"},"modified":"2023-02-27T10:06:25","modified_gmt":"2023-02-27T10:06:25","slug":"hackschnitzelanlage-betrieb","status":"publish","type":"page","link":"https:\/\/dorfgemeinschaft-nagel.de\/index.php\/hackschnitzelanlage-betrieb\/","title":{"rendered":"Hackschnitzelanlage Betrieb"},"content":{"rendered":"[et_pb_section fb_built=&#8220;1&#8243; admin_label=&#8220;section&#8220; _builder_version=&#8220;4.19.4&#8243; transform_translate=&#8220;0px|-300px&#8220; transform_translate_linked=&#8220;off&#8220; global_colors_info=&#8220;{}&#8220; theme_builder_area=&#8220;post_content&#8220;][et_pb_row column_structure=&#8220;3_5,1_5,1_5&#8243; admin_label=&#8220;row&#8220; _builder_version=&#8220;4.19.4&#8243; background_size=&#8220;initial&#8220; background_position=&#8220;top_left&#8220; background_repeat=&#8220;repeat&#8220; transform_translate=&#8220;3px|-10px&#8220; custom_padding=&#8220;||32px|||&#8220; global_colors_info=&#8220;{}&#8220; theme_builder_area=&#8220;post_content&#8220;][et_pb_column type=&#8220;3_5&#8243; _builder_version=&#8220;4.19.4&#8243; _module_preset=&#8220;default&#8220; global_colors_info=&#8220;{}&#8220; theme_builder_area=&#8220;post_content&#8220;][et_pb_gallery gallery_ids=&#8220;1413,1411&#8243; posts_number=&#8220;2&#8243; dbdb_version=&#8220;3.8.6&#8243; show_title_and_caption=&#8220;off&#8220; show_pagination=&#8220;off&#8220; _builder_version=&#8220;4.19.4&#8243; _module_preset=&#8220;default&#8220; title_font_size=&#8220;14px&#8220; caption_font_size=&#8220;10px&#8220; transform_translate=&#8220;-152px|-31px&#8220; transform_translate_linked=&#8220;off&#8220; width=&#8220;120%&#8220; max_width=&#8220;120%&#8220; global_colors_info=&#8220;{}&#8220; theme_builder_area=&#8220;post_content&#8220;][\/et_pb_gallery][et_pb_gallery gallery_ids=&#8220;1412,1415&#8243; posts_number=&#8220;2&#8243; dbdb_version=&#8220;3.8.6&#8243; show_title_and_caption=&#8220;off&#8220; show_pagination=&#8220;off&#8220; _builder_version=&#8220;4.19.4&#8243; _module_preset=&#8220;default&#8220; title_font_size=&#8220;14px&#8220; caption_font_size=&#8220;10px&#8220; transform_translate=&#8220;-152px|-31px&#8220; transform_translate_linked=&#8220;off&#8220; width=&#8220;120%&#8220; max_width=&#8220;120%&#8220; global_colors_info=&#8220;{}&#8220; theme_builder_area=&#8220;post_content&#8220;][\/et_pb_gallery][et_pb_gallery gallery_ids=&#8220;1419,1420&#8243; posts_number=&#8220;2&#8243; dbdb_version=&#8220;3.8.6&#8243; show_title_and_caption=&#8220;off&#8220; show_pagination=&#8220;off&#8220; _builder_version=&#8220;4.19.4&#8243; _module_preset=&#8220;default&#8220; title_font_size=&#8220;14px&#8220; caption_font_size=&#8220;10px&#8220; transform_translate=&#8220;-152px|-31px&#8220; transform_translate_linked=&#8220;off&#8220; width=&#8220;120%&#8220; max_width=&#8220;120%&#8220; global_colors_info=&#8220;{}&#8220; theme_builder_area=&#8220;post_content&#8220;][\/et_pb_gallery][et_pb_gallery gallery_ids=&#8220;1369,1333&#8243; posts_number=&#8220;2&#8243; dbdb_version=&#8220;3.8.6&#8243; show_title_and_caption=&#8220;off&#8220; show_pagination=&#8220;off&#8220; _builder_version=&#8220;4.19.4&#8243; _module_preset=&#8220;default&#8220; title_font_size=&#8220;14px&#8220; caption_font_size=&#8220;10px&#8220; transform_translate=&#8220;-152px|-31px&#8220; transform_translate_linked=&#8220;off&#8220; width=&#8220;120%&#8220; max_width=&#8220;120%&#8220; global_colors_info=&#8220;{}&#8220; theme_builder_area=&#8220;post_content&#8220;][\/et_pb_gallery][et_pb_gallery gallery_ids=&#8220;1422,1330&#8243; posts_number=&#8220;2&#8243; dbdb_version=&#8220;3.8.6&#8243; show_title_and_caption=&#8220;off&#8220; show_pagination=&#8220;off&#8220; _builder_version=&#8220;4.19.4&#8243; _module_preset=&#8220;default&#8220; title_font_size=&#8220;14px&#8220; caption_font_size=&#8220;10px&#8220; transform_translate=&#8220;-152px|-23px&#8220; transform_translate_linked=&#8220;off&#8220; width=&#8220;120%&#8220; max_width=&#8220;120%&#8220; global_colors_info=&#8220;{}&#8220; theme_builder_area=&#8220;post_content&#8220;][\/et_pb_gallery][et_pb_gallery gallery_ids=&#8220;1479,1455&#8243; posts_number=&#8220;2&#8243; dbdb_version=&#8220;3.8.6&#8243; show_title_and_caption=&#8220;off&#8220; show_pagination=&#8220;off&#8220; _builder_version=&#8220;4.19.4&#8243; _module_preset=&#8220;default&#8220; title_font_size=&#8220;14px&#8220; caption_font_size=&#8220;10px&#8220; transform_translate=&#8220;-152px|-30px&#8220; transform_translate_linked=&#8220;off&#8220; width=&#8220;120%&#8220; max_width=&#8220;120%&#8220; global_colors_info=&#8220;{}&#8220; theme_builder_area=&#8220;post_content&#8220;][\/et_pb_gallery][et_pb_gallery gallery_ids=&#8220;1476,1477&#8243; posts_number=&#8220;2&#8243; dbdb_version=&#8220;3.8.6&#8243; show_title_and_caption=&#8220;off&#8220; show_pagination=&#8220;off&#8220; _builder_version=&#8220;4.19.4&#8243; _module_preset=&#8220;default&#8220; title_font_size=&#8220;14px&#8220; caption_font_size=&#8220;10px&#8220; transform_translate=&#8220;-152px|-30px&#8220; transform_translate_linked=&#8220;off&#8220; width=&#8220;120%&#8220; max_width=&#8220;120%&#8220; global_colors_info=&#8220;{}&#8220; theme_builder_area=&#8220;post_content&#8220;][\/et_pb_gallery][et_pb_gallery gallery_ids=&#8220;1457,1470&#8243; posts_number=&#8220;2&#8243; dbdb_version=&#8220;3.8.6&#8243; show_title_and_caption=&#8220;off&#8220; show_pagination=&#8220;off&#8220; _builder_version=&#8220;4.19.4&#8243; _module_preset=&#8220;default&#8220; title_font_size=&#8220;14px&#8220; caption_font_size=&#8220;10px&#8220; transform_translate=&#8220;-152px|-30px&#8220; transform_translate_linked=&#8220;off&#8220; width=&#8220;120%&#8220; max_width=&#8220;120%&#8220; global_colors_info=&#8220;{}&#8220; theme_builder_area=&#8220;post_content&#8220;][\/et_pb_gallery][et_pb_gallery gallery_ids=&#8220;1449,981&#8243; posts_number=&#8220;2&#8243; dbdb_version=&#8220;3.8.6&#8243; show_title_and_caption=&#8220;off&#8220; show_pagination=&#8220;off&#8220; _builder_version=&#8220;4.19.4&#8243; _module_preset=&#8220;default&#8220; title_font_size=&#8220;14px&#8220; caption_font_size=&#8220;10px&#8220; transform_translate=&#8220;-152px|-30px&#8220; transform_translate_linked=&#8220;off&#8220; width=&#8220;120%&#8220; max_width=&#8220;120%&#8220; global_colors_info=&#8220;{}&#8220; theme_builder_area=&#8220;post_content&#8220;][\/et_pb_gallery][et_pb_gallery gallery_ids=&#8220;1435,1436&#8243; posts_number=&#8220;2&#8243; dbdb_version=&#8220;3.8.6&#8243; show_title_and_caption=&#8220;off&#8220; show_pagination=&#8220;off&#8220; _builder_version=&#8220;4.19.4&#8243; _module_preset=&#8220;default&#8220; title_font_size=&#8220;14px&#8220; caption_font_size=&#8220;10px&#8220; transform_translate=&#8220;-152px|-30px&#8220; transform_translate_linked=&#8220;off&#8220; width=&#8220;120%&#8220; max_width=&#8220;120%&#8220; global_colors_info=&#8220;{}&#8220; theme_builder_area=&#8220;post_content&#8220;][\/et_pb_gallery][\/et_pb_column][et_pb_column type=&#8220;1_5&#8243; _builder_version=&#8220;4.19.4&#8243; _module_preset=&#8220;default&#8220; global_colors_info=&#8220;{}&#8220; theme_builder_area=&#8220;post_content&#8220;][et_pb_accordion _builder_version=&#8220;4.19.4&#8243; _module_preset=&#8220;default&#8220; body_font=&#8220;Verdana||||||||&#8220; body_font_size=&#8220;15px&#8220; body_line_height=&#8220;1.5em&#8220; transform_translate=&#8220;-76px|-31px&#8220; width=&#8220;500%&#8220; global_colors_info=&#8220;{}&#8220; theme_builder_area=&#8220;post_content&#8220;][et_pb_accordion_item title=&#8220;Lieferung und Bereitstellung der Hackschnitzel&#8220; open=&#8220;on&#8220; _builder_version=&#8220;4.19.4&#8243; _module_preset=&#8220;default&#8220; global_colors_info=&#8220;{}&#8220; theme_builder_area=&#8220;post_content&#8220;]<p>\u00dcber die beiden 2m x 3m gro\u00dfen Einbringungs\u00f6ffnungen werden die Hackschnitzel in die beiden Bunkerr\u00e4ume abgekippt. Zum \u00d6ffnen wird der Bunkerdeckel aus Edelstahl \u00fcber einen hydraulischen Seilzug angehoben. Das Hackgut wird ohne Lagerung bei Bedarf direkt vor Ort angeliefert. Insgesamt hat die Anlage in Nagel einen j\u00e4hrlichen Bedarf von rund 800 Sch\u00fcttraummetern an Energieholz.<\/p>[\/et_pb_accordion_item][\/et_pb_accordion][et_pb_accordion _builder_version=&#8220;4.19.4&#8243; _module_preset=&#8220;default&#8220; body_font=&#8220;Verdana||||||||&#8220; body_font_size=&#8220;15px&#8220; body_line_height=&#8220;1.5em&#8220; transform_translate=&#8220;-73px|17px&#8220; transform_translate_linked=&#8220;off&#8220; width=&#8220;500%&#8220; global_colors_info=&#8220;{}&#8220; theme_builder_area=&#8220;post_content&#8220;][et_pb_accordion_item title=&#8220;Lagerung und Auskommen der Hackschnitzel&#8220; open=&#8220;on&#8220; _builder_version=&#8220;4.19.4&#8243; _module_preset=&#8220;default&#8220; global_colors_info=&#8220;{}&#8220; theme_builder_area=&#8220;post_content&#8220;]<p>Die beiden unterirdischen Hackschnitzelbunker haben ein effektives Fassungsverm\u00f6gen von insgesamt ca. 80 Sch\u00fcttraummetern. Die Menge entspricht einen Energiegehalt von ca. 60.000 kWh, der hinsichtlich der Heizwertes mit einer Menge von ca. 6.000 Litern Heiz\u00f6l gleichgesetzt werden kann. Im Winter, bzw. an den k\u00e4ltesten Tagen im Jahr, reicht der Hackschnitzelvorrat f\u00fcr ca. 7 Tage f\u00fcr die Versorgung aus.<\/p>[\/et_pb_accordion_item][\/et_pb_accordion][et_pb_accordion _builder_version=&#8220;4.19.4&#8243; _module_preset=&#8220;default&#8220; body_font=&#8220;Verdana||||||||&#8220; body_font_size=&#8220;15px&#8220; body_line_height=&#8220;1.5em&#8220; transform_translate=&#8220;-73px|65px&#8220; transform_translate_linked=&#8220;off&#8220; width=&#8220;500%&#8220; global_colors_info=&#8220;{}&#8220; theme_builder_area=&#8220;post_content&#8220;][et_pb_accordion_item title=&#8220;Mechanismus f\u00fcr die Zuf\u00fchrung der Hackschnitzel&#8220; open=&#8220;on&#8220; _builder_version=&#8220;4.19.4&#8243; _module_preset=&#8220;default&#8220; global_colors_info=&#8220;{}&#8220; theme_builder_area=&#8220;post_content&#8220;]<p>Durch das Bodenr\u00fchrwerk mit starken Blattfederarmen wird das Hackgut in den anschlie\u00dfenden Schneckenkanal bef\u00f6rdert. Je weiter der Bunker ausger\u00e4umt ist, desto weiter breiten sich die Federarme nach au\u00dfen aus. Der Druckteller sorgt f\u00fcr eine optimale Druckverteilung bei dar\u00fcber liegendem Hackgut, das mit einer H\u00f6he von bis zu 2,5 m aufgesch\u00fcttet wird.<\/p>[\/et_pb_accordion_item][\/et_pb_accordion][et_pb_accordion _builder_version=&#8220;4.19.4&#8243; _module_preset=&#8220;default&#8220; body_font=&#8220;Verdana||||||||&#8220; body_font_size=&#8220;15px&#8220; body_line_height=&#8220;1.5em&#8220; transform_translate=&#8220;-73px|121px&#8220; transform_translate_linked=&#8220;off&#8220; width=&#8220;500%&#8220; global_colors_info=&#8220;{}&#8220; theme_builder_area=&#8220;post_content&#8220;][et_pb_accordion_item title=&#8220;Zuf\u00fchrung der Hackschnitzel und Ausfallsicherheit&#8220; open=&#8220;on&#8220; _builder_version=&#8220;4.19.4&#8243; _module_preset=&#8220;default&#8220; global_colors_info=&#8220;{}&#8220; theme_builder_area=&#8220;post_content&#8220;]<p>\u00dcber einen offenen Trogkanal\u00a0 mit Austragungschnecke werden bei Leistungsanforderung aus dem Netz die Hackschnitzel in den Kesselraum bef\u00f6rdert und die beiden Kessel separat beliefert. Durch die parallel laufenden Austragungssysteme f\u00fcr beide Hackschnitzelkessel wird eine zus\u00e4tzliche Sicherheit geschaffen, sollte eine der beiden F\u00f6rderschnecken ausfallen.<\/p>[\/et_pb_accordion_item][\/et_pb_accordion][et_pb_accordion _builder_version=&#8220;4.19.4&#8243; _module_preset=&#8220;default&#8220; body_font=&#8220;Verdana||||||||&#8220; body_font_size=&#8220;15px&#8220; body_line_height=&#8220;1.5em&#8220; transform_translate=&#8220;-73px|188px&#8220; transform_translate_linked=&#8220;off&#8220; width=&#8220;500%&#8220; global_colors_info=&#8220;{}&#8220; theme_builder_area=&#8220;post_content&#8220;][et_pb_accordion_item title=&#8220;Beschickung der Brenner mit Hackgut und Verbrennung&#8220; open=&#8220;on&#8220; _builder_version=&#8220;4.19.4&#8243; _module_preset=&#8220;default&#8220; global_colors_info=&#8220;{}&#8220; theme_builder_area=&#8220;post_content&#8220;]<p>Die beiden Biomassekessel der Fa. ETA haben eine Nennw\u00e4rmeleistung von 130 kW und 200 kW. \u00dcber einen Fallschacht und eine Zellradschleuse\u00a0 werden sie mit Hackgut beschickt. Mit Hilfe der Lambdasonde werden Restsauerstoff im Abgas gemessen und Brennstoffeinschub und Luftzufuhr angepasst. Die automatische Regelung ber\u00fccksichtigt au\u00dferdem Brennmaterial und Feuchtigkeit und sorgt somit f\u00fcr eine optimale Verbrennung.<\/p>[\/et_pb_accordion_item][\/et_pb_accordion][et_pb_accordion _builder_version=&#8220;4.19.4&#8243; _module_preset=&#8220;default&#8220; body_font=&#8220;Verdana||||||||&#8220; body_font_size=&#8220;15px&#8220; body_line_height=&#8220;1.5em&#8220; transform_translate=&#8220;-73px|219px&#8220; transform_translate_linked=&#8220;off&#8220; width=&#8220;500%&#8220; global_colors_info=&#8220;{}&#8220; theme_builder_area=&#8220;post_content&#8220;][et_pb_accordion_item title=&#8220;Warmwasseraufbereitung &#8220; open=&#8220;on&#8220; _builder_version=&#8220;4.19.4&#8243; _module_preset=&#8220;default&#8220; global_colors_info=&#8220;{}&#8220; theme_builder_area=&#8220;post_content&#8220;]<p>Aus dem W\u00e4rmetauscher im hinteren Teil des Ofens wird das aufgeheizte Wasser \u00fcber das interne Netz im Heizraum mit Hilfe einer Zirkelpumpe an den Wasserspeicher (Boiler) \u00fcbergeben. Neue Anforderungen aus dem Netz sorgen automatisiert daf\u00fcr, das die Kreisl\u00e4ufe zirkulieren. Das ca. 80 Grad warme Wasser steht somit rund um die Uhr zur Verf\u00fcgung.<\/p>[\/et_pb_accordion_item][\/et_pb_accordion][et_pb_accordion _builder_version=&#8220;4.19.4&#8243; _module_preset=&#8220;default&#8220; body_font=&#8220;Verdana||||||||&#8220; body_font_size=&#8220;15px&#8220; body_line_height=&#8220;1.5em&#8220; transform_translate=&#8220;-73px|253px&#8220; transform_translate_linked=&#8220;off&#8220; width=&#8220;500%&#8220; global_colors_info=&#8220;{}&#8220; theme_builder_area=&#8220;post_content&#8220;][et_pb_accordion_item title=&#8220;Heizkreise&#8220; open=&#8220;on&#8220; _builder_version=&#8220;4.19.4&#8243; _module_preset=&#8220;default&#8220; global_colors_info=&#8220;{}&#8220; theme_builder_area=&#8220;post_content&#8220;]<p>Die Anlage besteht aus mehreren, in sich geschlossenen, Warmwasserkreisl\u00e4ufen. Die \u00dcbergabe der W\u00e4rme zwischen den unterschiedlichen Kreisen erfolgt durch W\u00e4rmetauscher. Der Heizkreis I zirkuliert innerhalb der Heizhauses. Hier wird die erforderliche W\u00e4rme erzeugt und vorgehalten. Der Heizkreis II sorgt f\u00fcr die Verteilung der W\u00e4rme an die angeschlossenen Abnehmer. Der Heizkreis III ist der Heizkreis im Haus der Abnehmer. Dieser bringt die W\u00e4rme zu den Endger\u00e4ten der Verbraucher.<\/p>[\/et_pb_accordion_item][\/et_pb_accordion][et_pb_accordion _builder_version=&#8220;4.19.4&#8243; _module_preset=&#8220;default&#8220; body_font=&#8220;Verdana||||||||&#8220; body_font_size=&#8220;15px&#8220; body_line_height=&#8220;1.5em&#8220; transform_translate=&#8220;-73px|286px&#8220; transform_translate_linked=&#8220;off&#8220; width=&#8220;500%&#8220; global_colors_info=&#8220;{}&#8220; theme_builder_area=&#8220;post_content&#8220;][et_pb_accordion_item title=&#8220;Schonender Umgang mit Ressourcen durch Boilersteuerung&#8220; open=&#8220;on&#8220; _builder_version=&#8220;4.19.4&#8243; _module_preset=&#8220;default&#8220; global_colors_info=&#8220;{}&#8220; theme_builder_area=&#8220;post_content&#8220;]<p>Wenn in warmen Phasen wie im Sommer oder in den \u00dcbergangszeiten weniger Heizlasten entstehen, werden die notwendigen Temperaturen im Wasserspeicher (Boiler) reguliert bzw. korrigiert. Somit weniger Brennleistung, weniger Kesselstarts, weniger Heizmaterial und weniger Strom.<\/p>[\/et_pb_accordion_item][\/et_pb_accordion][et_pb_accordion _builder_version=&#8220;4.19.4&#8243; _module_preset=&#8220;default&#8220; body_font=&#8220;Verdana||||||||&#8220; body_font_size=&#8220;15px&#8220; body_line_height=&#8220;1.5em&#8220; transform_translate=&#8220;-73px|365px&#8220; transform_translate_linked=&#8220;off&#8220; width=&#8220;500%&#8220; global_colors_info=&#8220;{}&#8220; theme_builder_area=&#8220;post_content&#8220;][et_pb_accordion_item title=&#8220;Verteilung der W\u00e4rme&#8220; open=&#8220;on&#8220; _builder_version=&#8220;4.19.4&#8243; _module_preset=&#8220;default&#8220; global_colors_info=&#8220;{}&#8220; theme_builder_area=&#8220;post_content&#8220;]<p>Eine entsprechend dimensionierte Pumpanlage sorgt daf\u00fcr, dass die Verbrennungsw\u00e4rme in Form von warmen Wasser \u00fcber eine W\u00e4rmeleitung mit einer Trassenl\u00e4nge von rund 1000 m an die 18 angeschlossenen Haushalte und den \u00f6rtlichen Golfclub verteilt wird.\u00a0<\/p>[\/et_pb_accordion_item][\/et_pb_accordion][et_pb_accordion _builder_version=&#8220;4.19.4&#8243; _module_preset=&#8220;default&#8220; body_font=&#8220;Verdana||||||||&#8220; body_font_size=&#8220;15px&#8220; body_line_height=&#8220;1.5em&#8220; transform_translate=&#8220;-73px|428px&#8220; transform_translate_linked=&#8220;off&#8220; width=&#8220;500%&#8220; global_colors_info=&#8220;{}&#8220; theme_builder_area=&#8220;post_content&#8220;][et_pb_accordion_item title=&#8220;Abnahme der W\u00e4rme beim Endverbraucher&#8220; open=&#8220;on&#8220; _builder_version=&#8220;4.19.4&#8243; _module_preset=&#8220;default&#8220; global_colors_info=&#8220;{}&#8220; theme_builder_area=&#8220;post_content&#8220;]<p>Die Abnahme der W\u00e4rme beim Endverbraucher wird \u00fcber eine \u00dcbergabestation pro Abnehmer sichergestellt. \u00c4hnlich wie im Heizhaus mit Pumpe und Boiler ausgestattet, steuert diese die Verteilung im hauseigenen Kreislauf. Das warme Wasser mit Eingangstemperaturen von ca. 70 Grad wird dabei von den Endger\u00e4ten (Heizk\u00f6rper, Fu\u00dfbodenheizung) genutzt. Das dadurch nicht kalte, aber abgek\u00fchlte Wasser wird anschlie\u00dfend mit ca. 50 Grad \u00fcber das Verteilernetz in die Anlage im Heizhaus zur\u00fcckgef\u00fchrt.<\/p>[\/et_pb_accordion_item][\/et_pb_accordion][et_pb_text admin_label=&#8220;Text&#8220; _builder_version=&#8220;4.19.4&#8243; background_size=&#8220;initial&#8220; background_position=&#8220;top_left&#8220; background_repeat=&#8220;repeat&#8220; global_colors_info=&#8220;{}&#8220; theme_builder_area=&#8220;post_content&#8220;]<p><\/p>[\/et_pb_text][\/et_pb_column][et_pb_column type=&#8220;1_5&#8243; _builder_version=&#8220;4.19.4&#8243; _module_preset=&#8220;default&#8220; global_colors_info=&#8220;{}&#8220; theme_builder_area=&#8220;post_content&#8220;][\/et_pb_column][\/et_pb_row][et_pb_row column_structure=&#8220;1_5,1_5,3_5&#8243; _builder_version=&#8220;4.19.4&#8243; _module_preset=&#8220;default&#8220; global_colors_info=&#8220;{}&#8220; theme_builder_area=&#8220;post_content&#8220;][et_pb_column type=&#8220;1_5&#8243; _builder_version=&#8220;4.19.4&#8243; _module_preset=&#8220;default&#8220; global_colors_info=&#8220;{}&#8220; theme_builder_area=&#8220;post_content&#8220;][et_pb_image src=&#8220;https:\/\/dorfgemeinschaft-nagel.de\/wp-content\/uploads\/2023\/02\/WaermeabnehmerUebergabestation.jpg&#8220; title_text=&#8220;W\u00e4rmeabnehmer\u00dcbergabestation&#8220; _builder_version=&#8220;4.19.4&#8243; _module_preset=&#8220;default&#8220; global_colors_info=&#8220;{}&#8220; theme_builder_area=&#8220;post_content&#8220;][\/et_pb_image][\/et_pb_column][et_pb_column type=&#8220;1_5&#8243; _builder_version=&#8220;4.19.4&#8243; _module_preset=&#8220;default&#8220; global_colors_info=&#8220;{}&#8220; theme_builder_area=&#8220;post_content&#8220;][et_pb_image src=&#8220;https:\/\/dorfgemeinschaft-nagel.de\/wp-content\/uploads\/2023\/02\/Waermeabnehmer-Heizkoerper-scaled.jpg&#8220; title_text=&#8220;W\u00e4rmeabnehmer Heizk\u00f6rper&#8220; _builder_version=&#8220;4.19.4&#8243; _module_preset=&#8220;default&#8220; global_colors_info=&#8220;{}&#8220; theme_builder_area=&#8220;post_content&#8220;][\/et_pb_image][\/et_pb_column][et_pb_column type=&#8220;3_5&#8243; _builder_version=&#8220;4.19.4&#8243; _module_preset=&#8220;default&#8220; global_colors_info=&#8220;{}&#8220; theme_builder_area=&#8220;post_content&#8220;][et_pb_text _builder_version=&#8220;4.19.4&#8243; _module_preset=&#8220;default&#8220; global_colors_info=&#8220;{}&#8220; theme_builder_area=&#8220;post_content&#8220;]<p>Die Abnahme der W\u00e4rme beim Endverbraucher wird \u00fcber eine \u00dcbergabestation pro Abnehmer sichergestellt. \u00c4hnlich wie im Heizhaus mit Pumpe und Boiler ausgestattet, steuert diese die Verteilung im hauseigenen Kreislauf. Das warme Wasser mit Eingangstemperaturen von ca. 70 Grad wird dabei von den Endger\u00e4ten (Heizk\u00f6rper, Fu\u00dfbodenheizung) genutzt. Das dadurch nicht kalte, aber abgek\u00fchlte Wasser wird anschlie\u00dfend mit ca. 50 Grad \u00fcber das Verteilernetz in die Anlage im Heizhaus zur\u00fcckgef\u00fchrt.<\/p>[\/et_pb_text][\/et_pb_column][\/et_pb_row][\/et_pb_section][et_pb_section fb_built=&#8220;1&#8243; theme_builder_area=&#8220;post_content&#8220; _builder_version=&#8220;4.19.4&#8243; _module_preset=&#8220;default&#8220; transform_translate_linked=&#8220;off&#8220; transform_translate=&#8220;0px|-261px&#8220; hover_enabled=&#8220;0&#8243; sticky_enabled=&#8220;0&#8243;][et_pb_row _builder_version=&#8220;4.19.4&#8243; _module_preset=&#8220;default&#8220; theme_builder_area=&#8220;post_content&#8220; column_structure=&#8220;1_2,1_2&#8243; hover_enabled=&#8220;0&#8243; sticky_enabled=&#8220;0&#8243;][et_pb_column _builder_version=&#8220;4.19.4&#8243; _module_preset=&#8220;default&#8220; type=&#8220;1_2&#8243; theme_builder_area=&#8220;post_content&#8220; hover_enabled=&#8220;0&#8243; sticky_enabled=&#8220;0&#8243;][et_pb_gallery _builder_version=&#8220;4.19.4&#8243; _module_preset=&#8220;default&#8220; theme_builder_area=&#8220;post_content&#8220; hover_enabled=&#8220;0&#8243; sticky_enabled=&#8220;0&#8243; posts_number=&#8220;2&#8243; gallery_ids=&#8220;1435,1436&#8243; show_title_and_caption=&#8220;off&#8220; show_pagination=&#8220;off&#8220;][\/et_pb_gallery][\/et_pb_column][et_pb_column _builder_version=&#8220;4.19.4&#8243; _module_preset=&#8220;default&#8220; type=&#8220;1_2&#8243; theme_builder_area=&#8220;post_content&#8220;][et_pb_text _builder_version=&#8220;4.19.4&#8243; _module_preset=&#8220;default&#8220; theme_builder_area=&#8220;post_content&#8220; hover_enabled=&#8220;0&#8243; sticky_enabled=&#8220;0&#8243;]<p>Die Abnahme der W\u00e4rme beim Endverbraucher wird \u00fcber eine \u00dcbergabestation pro Abnehmer sichergestellt. \u00c4hnlich wie im Heizhaus mit Pumpe und Boiler ausgestattet, steuert diese die Verteilung im hauseigenen Kreislauf. Das warme Wasser mit Eingangstemperaturen von ca. 70 Grad wird dabei von den Endger\u00e4ten (Heizk\u00f6rper, Fu\u00dfbodenheizung) genutzt. Das dadurch nicht kalte, aber abgek\u00fchlte Wasser wird anschlie\u00dfend mit ca. 50 Grad \u00fcber das Verteilernetz in die Anlage im Heizhaus zur\u00fcckgef\u00fchrt.<\/p>[\/et_pb_text][\/et_pb_column][\/et_pb_row][\/et_pb_section]","protected":false},"excerpt":{"rendered":"<p>\u00dcber die beiden 2m x 3m gro\u00dfen Einbringungs\u00f6ffnungen werden die Hackschnitzel in die beiden Bunkerr\u00e4ume abgekippt. Zum \u00d6ffnen wird der Bunkerdeckel aus Edelstahl \u00fcber einen hydraulischen Seilzug angehoben. Das Hackgut wird ohne Lagerung bei Bedarf direkt vor Ort angeliefert. Insgesamt hat die Anlage in Nagel einen j\u00e4hrlichen Bedarf von rund 800 Sch\u00fcttraummetern an Energieholz.Die beiden [&hellip;]<\/p>\n","protected":false},"author":1,"featured_media":0,"parent":0,"menu_order":0,"comment_status":"closed","ping_status":"closed","template":"","meta":{"_et_pb_use_builder":"on","_et_pb_old_content":"","_et_gb_content_width":"","footnotes":""},"class_list":["post-1337","page","type-page","status-publish","hentry"],"_links":{"self":[{"href":"https:\/\/dorfgemeinschaft-nagel.de\/index.php\/wp-json\/wp\/v2\/pages\/1337","targetHints":{"allow":["GET"]}}],"collection":[{"href":"https:\/\/dorfgemeinschaft-nagel.de\/index.php\/wp-json\/wp\/v2\/pages"}],"about":[{"href":"https:\/\/dorfgemeinschaft-nagel.de\/index.php\/wp-json\/wp\/v2\/types\/page"}],"author":[{"embeddable":true,"href":"https:\/\/dorfgemeinschaft-nagel.de\/index.php\/wp-json\/wp\/v2\/users\/1"}],"replies":[{"embeddable":true,"href":"https:\/\/dorfgemeinschaft-nagel.de\/index.php\/wp-json\/wp\/v2\/comments?post=1337"}],"version-history":[{"count":77,"href":"https:\/\/dorfgemeinschaft-nagel.de\/index.php\/wp-json\/wp\/v2\/pages\/1337\/revisions"}],"predecessor-version":[{"id":1741,"href":"https:\/\/dorfgemeinschaft-nagel.de\/index.php\/wp-json\/wp\/v2\/pages\/1337\/revisions\/1741"}],"wp:attachment":[{"href":"https:\/\/dorfgemeinschaft-nagel.de\/index.php\/wp-json\/wp\/v2\/media?parent=1337"}],"curies":[{"name":"wp","href":"https:\/\/api.w.org\/{rel}","templated":true}]}}