{"id":1055,"date":"2023-02-05T18:23:13","date_gmt":"2023-02-05T18:23:13","guid":{"rendered":"https:\/\/dorfgemeinschaft-nagel.de\/?page_id=1055"},"modified":"2023-02-23T14:59:52","modified_gmt":"2023-02-23T14:59:52","slug":"naegler-bioenergie-gmbh","status":"publish","type":"page","link":"https:\/\/dorfgemeinschaft-nagel.de\/index.php\/naegler-bioenergie-gmbh\/","title":{"rendered":"N\u00e4gler Bioenergie GmbH"},"content":{"rendered":"[et_pb_section fb_built=&#8220;1&#8243; admin_label=&#8220;section&#8220; _builder_version=&#8220;4.19.4&#8243; transform_translate=&#8220;0px|-149px&#8220; transform_translate_linked=&#8220;off&#8220; global_colors_info=&#8220;{}&#8220; theme_builder_area=&#8220;post_content&#8220;][et_pb_row admin_label=&#8220;row&#8220; _builder_version=&#8220;4.19.4&#8243; background_size=&#8220;initial&#8220; background_position=&#8220;top_left&#8220; background_repeat=&#8220;repeat&#8220; transform_translate=&#8220;0px|26px&#8220; transform_translate_linked=&#8220;off&#8220; global_colors_info=&#8220;{}&#8220; theme_builder_area=&#8220;post_content&#8220;][et_pb_column type=&#8220;4_4&#8243; _builder_version=&#8220;4.16&#8243; custom_padding=&#8220;|||&#8220; global_colors_info=&#8220;{}&#8220; custom_padding__hover=&#8220;|||&#8220; theme_builder_area=&#8220;post_content&#8220;][et_pb_text admin_label=&#8220;Text&#8220; _builder_version=&#8220;4.16&#8243; background_size=&#8220;initial&#8220; background_position=&#8220;top_left&#8220; background_repeat=&#8220;repeat&#8220; global_colors_info=&#8220;{}&#8220; theme_builder_area=&#8220;post_content&#8220;][\/et_pb_text][\/et_pb_column][\/et_pb_row][et_pb_row _builder_version=&#8220;4.19.4&#8243; _module_preset=&#8220;default&#8220; transform_translate=&#8220;0px|-132px&#8220; transform_translate_linked=&#8220;off&#8220; min_height=&#8220;541px&#8220; height=&#8220;549px&#8220; hover_enabled=&#8220;0&#8243; global_colors_info=&#8220;{}&#8220; theme_builder_area=&#8220;post_content&#8220; sticky_enabled=&#8220;0&#8243;][et_pb_column type=&#8220;4_4&#8243; _builder_version=&#8220;4.19.4&#8243; _module_preset=&#8220;default&#8220; global_colors_info=&#8220;{}&#8220; theme_builder_area=&#8220;post_content&#8220;][et_pb_image src=&#8220;https:\/\/dorfgemeinschaft-nagel.de\/wp-content\/uploads\/2023\/01\/Hackschnitzelanlage-Geraetehaus-scaled.jpg&#8220; title_text=&#8220;Hackschnitzelanlage Ger\u00e4tehaus&#8220; _builder_version=&#8220;4.19.4&#8243; _module_preset=&#8220;default&#8220; transform_scale_linked=&#8220;off&#8220; transform_translate=&#8220;7px|-139px&#8220; transform_translate_linked=&#8220;off&#8220; global_colors_info=&#8220;{}&#8220; theme_builder_area=&#8220;post_content&#8220;][\/et_pb_image][et_pb_text _builder_version=&#8220;4.19.4&#8243; _module_preset=&#8220;default&#8220; text_font=&#8220;Georgia||||||||&#8220; text_font_size=&#8220;20px&#8220; transform_translate=&#8220;7px|-142px&#8220; transform_translate_linked=&#8220;off&#8220; width=&#8220;100%&#8220; max_width=&#8220;100%&#8220; min_height=&#8220;100px&#8220; height=&#8220;100px&#8220; max_height=&#8220;100px&#8220; global_colors_info=&#8220;{}&#8220; theme_builder_area=&#8220;post_content&#8220;]<p style=\"text-align: center;\">Die &#8222;N\u00e4gler Bioenegie GmbH&#8220; wurde am 21. Mai 2010 gegr\u00fcndet. Zweck das Unternehmens ist die Zentrale W\u00e4rmeversorgung von Nagel mit einem Nahw\u00e4rmenetz auf Basis von Biomasse und die damit verbundenen Gesch\u00e4fte als Energielieferant.<\/p>\n<p style=\"text-align: center;\">[\/et_pb_text][\/et_pb_column][\/et_pb_row][et_pb_row _builder_version=&#8220;4.19.4&#8243; _module_preset=&#8220;default&#8220; transform_scale_linked=&#8220;off&#8220; transform_translate=&#8220;0px|-212px&#8220; transform_translate_linked=&#8220;off&#8220; width=&#8220;73%&#8220; max_width=&#8220;666px&#8220; min_height=&#8220;100px&#8220; height=&#8220;100px&#8220; max_height=&#8220;100px&#8220; hover_enabled=&#8220;0&#8243; global_colors_info=&#8220;{}&#8220; theme_builder_area=&#8220;post_content&#8220; sticky_enabled=&#8220;0&#8243;][et_pb_column type=&#8220;4_4&#8243; _builder_version=&#8220;4.19.4&#8243; _module_preset=&#8220;default&#8220; global_colors_info=&#8220;{}&#8220; theme_builder_area=&#8220;post_content&#8220;][et_pb_text _builder_version=&#8220;4.19.4&#8243; _dynamic_attributes=&#8220;link_option_url&#8220; _module_preset=&#8220;default&#8220; text_font_size=&#8220;20px&#8220; transform_translate=&#8220;18px|-37px&#8220; transform_translate_linked=&#8220;off&#8220; width=&#8220;100%&#8220; custom_padding=&#8220;||0px|||&#8220; link_option_url=&#8220;@ET-DC@eyJkeW5hbWljIjp0cnVlLCJjb250ZW50IjoicG9zdF9saW5rX3VybF9wYWdlIiwic2V0dGluZ3MiOnsicG9zdF9pZCI6IjEzODEifX0=@&#8220; global_colors_info=&#8220;{}&#8220; theme_builder_area=&#8220;post_content&#8220;]<p style=\"text-align: center;\">Bau Nahw\u00e4rmenetz\u00a0 &#8211; Mehr erfahren &gt;<\/p>[\/et_pb_text][et_pb_text _builder_version=&#8220;4.19.4&#8243; _dynamic_attributes=&#8220;link_option_url&#8220; _module_preset=&#8220;default&#8220; text_font_size=&#8220;20px&#8220; transform_translate=&#8220;18px|-47px&#8220; transform_translate_linked=&#8220;off&#8220; width=&#8220;100%&#8220; custom_padding=&#8220;||0px|||&#8220; link_option_url=&#8220;@ET-DC@eyJkeW5hbWljIjp0cnVlLCJjb250ZW50IjoicG9zdF9saW5rX3VybF9wYWdlIiwic2V0dGluZ3MiOnsicG9zdF9pZCI6Ijc5NiJ9fQ==@&#8220; global_colors_info=&#8220;{}&#8220; theme_builder_area=&#8220;post_content&#8220;]<p style=\"text-align: center;\">Bau Nahw\u00e4rmenetz &#8211; Bildergalerie &gt;<\/p>[\/et_pb_text][et_pb_text _builder_version=&#8220;4.19.4&#8243; _dynamic_attributes=&#8220;link_option_url&#8220; _module_preset=&#8220;default&#8220; text_font_size=&#8220;20px&#8220; transform_translate=&#8220;18px|-58px&#8220; transform_translate_linked=&#8220;off&#8220; width=&#8220;100%&#8220; custom_padding=&#8220;||0px|||&#8220; link_option_url=&#8220;@ET-DC@eyJkeW5hbWljIjp0cnVlLCJjb250ZW50IjoicG9zdF9saW5rX3VybF9wYWdlIiwic2V0dGluZ3MiOnsicG9zdF9pZCI6IjEzMzcifX0=@&#8220; global_colors_info=&#8220;{}&#8220; theme_builder_area=&#8220;post_content&#8220;]<p style=\"text-align: center;\">Hackschnitzelanlage im Betrieb &#8211; Praxis &gt;<\/p>[\/et_pb_text][\/et_pb_column][\/et_pb_row][\/et_pb_section]","protected":false},"excerpt":{"rendered":"<p>Die &#8222;N\u00e4gler Bioenegie GmbH&#8220; wurde am 21. Mai 2010 gegr\u00fcndet. Zweck das Unternehmens ist die Zentrale W\u00e4rmeversorgung von Nagel mit einem Nahw\u00e4rmenetz auf Basis von Biomasse und die damit verbundenen Gesch\u00e4fte als Energielieferant. Bau Nahw\u00e4rmenetz\u00a0 &#8211; Mehr erfahren &gt;Bau Nahw\u00e4rmenetz &#8211; Bildergalerie &gt;Hackschnitzelanlage im Betrieb &#8211; Praxis &gt;<\/p>\n","protected":false},"author":1,"featured_media":0,"parent":0,"menu_order":0,"comment_status":"closed","ping_status":"closed","template":"","meta":{"_et_pb_use_builder":"on","_et_pb_old_content":"","_et_gb_content_width":"","footnotes":""},"class_list":["post-1055","page","type-page","status-publish","hentry"],"_links":{"self":[{"href":"https:\/\/dorfgemeinschaft-nagel.de\/index.php\/wp-json\/wp\/v2\/pages\/1055","targetHints":{"allow":["GET"]}}],"collection":[{"href":"https:\/\/dorfgemeinschaft-nagel.de\/index.php\/wp-json\/wp\/v2\/pages"}],"about":[{"href":"https:\/\/dorfgemeinschaft-nagel.de\/index.php\/wp-json\/wp\/v2\/types\/page"}],"author":[{"embeddable":true,"href":"https:\/\/dorfgemeinschaft-nagel.de\/index.php\/wp-json\/wp\/v2\/users\/1"}],"replies":[{"embeddable":true,"href":"https:\/\/dorfgemeinschaft-nagel.de\/index.php\/wp-json\/wp\/v2\/comments?post=1055"}],"version-history":[{"count":21,"href":"https:\/\/dorfgemeinschaft-nagel.de\/index.php\/wp-json\/wp\/v2\/pages\/1055\/revisions"}],"predecessor-version":[{"id":1685,"href":"https:\/\/dorfgemeinschaft-nagel.de\/index.php\/wp-json\/wp\/v2\/pages\/1055\/revisions\/1685"}],"wp:attachment":[{"href":"https:\/\/dorfgemeinschaft-nagel.de\/index.php\/wp-json\/wp\/v2\/media?parent=1055"}],"curies":[{"name":"wp","href":"https:\/\/api.w.org\/{rel}","templated":true}]}}